{"id":1957,"date":"2023-02-08T11:22:20","date_gmt":"2023-02-08T10:22:20","guid":{"rendered":"https:\/\/www.long-thibaud.org\/photos\/concours-de-piano-2022\/"},"modified":"2023-02-08T11:27:57","modified_gmt":"2023-02-08T10:27:57","slug":"concours-de-piano-2022","status":"publish","type":"page","link":"https:\/\/www.long-thibaud.org\/en\/photos\/concours-de-piano-2022\/","title":{"rendered":"Concours de Piano 2022"},"content":{"rendered":"<div class=\"wpb-content-wrapper\"><p>[vc_row full_width=&#8221;stretch_row&#8221; content_placement=&#8221;middle&#8221; row_type=&#8221;row&#8221; use_row_as_full_screen_section=&#8221;no&#8221; type=&#8221;full_width&#8221; angled_section=&#8221;no&#8221; text_align=&#8221;left&#8221; background_image_as_pattern=&#8221;without_pattern&#8221; el_class=&#8221;banniere&#8221; css=&#8221;.vc_custom_1646607062966{background-image: url(https:\/\/www.long-thibaud.org\/wp-content\/uploads\/2022\/03\/banniere-concours2022-2.jpg?id=164) !important;background-position: center !important;background-repeat: no-repeat !important;background-size: cover !important;}&#8221;][vc_column][vc_custom_heading text=&#8221;News&#8221; font_container=&#8221;tag:h2|font_size:42|text_align:center|color:%23ffffff&#8221; google_fonts=&#8221;font_family:Lora%3Aregular%2Citalic%2C700%2C700italic|font_style:400%20regular%3A400%3Anormal&#8221;][\/vc_column][\/vc_row][vc_row full_width=&#8221;stretch_row&#8221; content_placement=&#8221;top&#8221; row_type=&#8221;row&#8221; use_row_as_full_screen_section=&#8221;no&#8221; type=&#8221;full_width&#8221; angled_section=&#8221;no&#8221; text_align=&#8221;left&#8221; background_image_as_pattern=&#8221;without_pattern&#8221; el_class=&#8221;sous-menu&#8221; css=&#8221;.vc_custom_1646749323799{background-color: #191919 !important;background-position: center !important;background-repeat: no-repeat !important;background-size: cover !important;}&#8221;][vc_column][vc_wp_custommenu nav_menu=&#8221;8&#8243;][\/vc_column][\/vc_row][vc_row gap=&#8221;35&#8243; row_type=&#8221;row&#8221; use_row_as_full_screen_section=&#8221;no&#8221; type=&#8221;grid&#8221; angled_section=&#8221;no&#8221; text_align=&#8221;left&#8221; background_image_as_pattern=&#8221;without_pattern&#8221; css=&#8221;.vc_custom_1646927473648{margin-top: 40px !important;}&#8221; z_index=&#8221;&#8221;][vc_column][vc_custom_heading text=&#8221;International Piano Competition 2022&#8243; font_container=&#8221;tag:h2|font_size:32|text_align:center|color:%238f7233&#8243; google_fonts=&#8221;font_family:Lora%3Aregular%2Citalic%2C700%2C700italic|font_style:400%20regular%3A400%3Anormal&#8221;][vc_column_text]<\/p>\n<p style=\"text-align: center;\">The Final of the 2022 Competition took place at the Th\u00e9\u00e2tre du Ch\u00e2telet.<\/p>\n<p>[\/vc_column_text][vc_masonry_media_grid gap=&#8221;35&#8243; initial_loading_animation=&#8221;fadeIn&#8221; grid_id=&#8221;vc_gid:1675851967400-3ec11ac1-d8b6-3&#8243; include=&#8221;1929,1945,1931,1923,1927,1925,1933,1935,1937,1939,1941,1943,1947,1949,1953,1951,1921,1919&#8243; css=&#8221;.vc_custom_1675851836041{margin-top: 30px !important;}&#8221;][\/vc_column][\/vc_row]<\/p>\n<\/div>","protected":false},"excerpt":{"rendered":"<p>[vc_row full_width=&#8221;stretch_row&#8221; content_placement=&#8221;middle&#8221; row_type=&#8221;row&#8221; use_row_as_full_screen_section=&#8221;no&#8221; type=&#8221;full_width&#8221; angled_section=&#8221;no&#8221; text_align=&#8221;left&#8221; background_image_as_pattern=&#8221;without_pattern&#8221; el_class=&#8221;banniere&#8221; css=&#8221;.vc_custom_1646607062966{background-image: url(https:\/\/www.long-thibaud.org\/wp-content\/uploads\/2022\/03\/banniere-concours2022-2.jpg?id=164) !important;background-position: center !important;background-repeat: no-repeat !important;background-size: cover !important;}&#8221;][vc_column][vc_custom_heading text=&#8221;News&#8221; font_container=&#8221;tag:h2|font_size:42|text_align:center|color:%23ffffff&#8221; google_fonts=&#8221;font_family:Lora%3Aregular%2Citalic%2C700%2C700italic|font_style:400%20regular%3A400%3Anormal&#8221;][\/vc_column][\/vc_row][vc_row full_width=&#8221;stretch_row&#8221; content_placement=&#8221;top&#8221; row_type=&#8221;row&#8221; use_row_as_full_screen_section=&#8221;no&#8221; type=&#8221;full_width&#8221; angled_section=&#8221;no&#8221; text_align=&#8221;left&#8221; background_image_as_pattern=&#8221;without_pattern&#8221; el_class=&#8221;sous-menu&#8221; css=&#8221;.vc_custom_1646749323799{background-color: #191919 !important;background-position: center !important;background-repeat: no-repeat !important;background-size: cover !important;}&#8221;][vc_column][vc_wp_custommenu nav_menu=&#8221;8&#8243;][\/vc_column][\/vc_row][vc_row gap=&#8221;35&#8243; row_type=&#8221;row&#8221; use_row_as_full_screen_section=&#8221;no&#8221; type=&#8221;grid&#8221; angled_section=&#8221;no&#8221; text_align=&#8221;left&#8221; background_image_as_pattern=&#8221;without_pattern&#8221; css=&#8221;.vc_custom_1646927473648{margin-top: 40px !important;}&#8221; z_index=&#8221;&#8221;][vc_column][vc_custom_heading text=&#8221;International Piano Competition [&hellip;]<\/p>\n","protected":false},"author":1,"featured_media":0,"parent":641,"menu_order":0,"comment_status":"closed","ping_status":"closed","template":"","meta":{"footnotes":""},"class_list":["post-1957","page","type-page","status-publish","hentry"],"yoast_head":"<!-- This site is optimized with the Yoast SEO plugin v26.8 - https:\/\/yoast.com\/product\/yoast-seo-wordpress\/ -->\n<title>Concours de Piano 2022 - Fondation Long-Thibaud<\/title>\n<meta name=\"robots\" content=\"index, follow, max-snippet:-1, max-image-preview:large, max-video-preview:-1\" \/>\n<link rel=\"canonical\" href=\"https:\/\/www.long-thibaud.org\/en\/photos\/concours-de-piano-2022\/\" \/>\n<meta property=\"og:locale\" content=\"en_US\" \/>\n<meta property=\"og:type\" content=\"article\" \/>\n<meta property=\"og:title\" content=\"Concours de Piano 2022 - Fondation Long-Thibaud\" \/>\n<meta property=\"og:description\" content=\"[vc_row full_width=&#8221;stretch_row&#8221; content_placement=&#8221;middle&#8221; row_type=&#8221;row&#8221; use_row_as_full_screen_section=&#8221;no&#8221; type=&#8221;full_width&#8221; angled_section=&#8221;no&#8221; text_align=&#8221;left&#8221; background_image_as_pattern=&#8221;without_pattern&#8221; el_class=&#8221;banniere&#8221; css=&#8221;.vc_custom_1646607062966{background-image: url(https:\/\/www.long-thibaud.org\/wp-content\/uploads\/2022\/03\/banniere-concours2022-2.jpg?id=164) !important;background-position: center !important;background-repeat: no-repeat !important;background-size: cover !important;}&#8221;][vc_column][vc_custom_heading text=&#8221;News&#8221; font_container=&#8221;tag:h2|font_size:42|text_align:center|color:%23ffffff&#8221; google_fonts=&#8221;font_family:Lora%3Aregular%2Citalic%2C700%2C700italic|font_style:400%20regular%3A400%3Anormal&#8221;][\/vc_column][\/vc_row][vc_row full_width=&#8221;stretch_row&#8221; content_placement=&#8221;top&#8221; row_type=&#8221;row&#8221; use_row_as_full_screen_section=&#8221;no&#8221; type=&#8221;full_width&#8221; angled_section=&#8221;no&#8221; text_align=&#8221;left&#8221; background_image_as_pattern=&#8221;without_pattern&#8221; el_class=&#8221;sous-menu&#8221; css=&#8221;.vc_custom_1646749323799{background-color: #191919 !important;background-position: center !important;background-repeat: no-repeat !important;background-size: cover !important;}&#8221;][vc_column][vc_wp_custommenu nav_menu=&#8221;8&#8243;][\/vc_column][\/vc_row][vc_row gap=&#8221;35&#8243; row_type=&#8221;row&#8221; use_row_as_full_screen_section=&#8221;no&#8221; type=&#8221;grid&#8221; angled_section=&#8221;no&#8221; text_align=&#8221;left&#8221; background_image_as_pattern=&#8221;without_pattern&#8221; css=&#8221;.vc_custom_1646927473648{margin-top: 40px !important;}&#8221; z_index=&#8221;&#8221;][vc_column][vc_custom_heading text=&#8221;International Piano Competition [&hellip;]\" \/>\n<meta property=\"og:url\" content=\"https:\/\/www.long-thibaud.org\/en\/photos\/concours-de-piano-2022\/\" \/>\n<meta property=\"og:site_name\" content=\"Fondation Long-Thibaud\" \/>\n<meta property=\"article:modified_time\" content=\"2023-02-08T10:27:57+00:00\" \/>\n<meta name=\"twitter:card\" content=\"summary_large_image\" \/>\n<meta name=\"twitter:label1\" content=\"Est. reading time\" \/>\n\t<meta name=\"twitter:data1\" content=\"1 minute\" \/>\n<script type=\"application\/ld+json\" class=\"yoast-schema-graph\">{\"@context\":\"https:\/\/schema.org\",\"@graph\":[{\"@type\":\"WebPage\",\"@id\":\"https:\/\/www.long-thibaud.org\/en\/photos\/concours-de-piano-2022\/\",\"url\":\"https:\/\/www.long-thibaud.org\/en\/photos\/concours-de-piano-2022\/\",\"name\":\"Concours de Piano 2022 - Fondation Long-Thibaud\",\"isPartOf\":{\"@id\":\"https:\/\/www.long-thibaud.org\/#website\"},\"datePublished\":\"2023-02-08T10:22:20+00:00\",\"dateModified\":\"2023-02-08T10:27:57+00:00\",\"breadcrumb\":{\"@id\":\"https:\/\/www.long-thibaud.org\/en\/photos\/concours-de-piano-2022\/#breadcrumb\"},\"inLanguage\":\"en-US\",\"potentialAction\":[{\"@type\":\"ReadAction\",\"target\":[\"https:\/\/www.long-thibaud.org\/en\/photos\/concours-de-piano-2022\/\"]}]},{\"@type\":\"BreadcrumbList\",\"@id\":\"https:\/\/www.long-thibaud.org\/en\/photos\/concours-de-piano-2022\/#breadcrumb\",\"itemListElement\":[{\"@type\":\"ListItem\",\"position\":1,\"name\":\"Accueil\",\"item\":\"https:\/\/www.long-thibaud.org\/en\/\"},{\"@type\":\"ListItem\",\"position\":2,\"name\":\"Photos\",\"item\":\"https:\/\/www.long-thibaud.org\/en\/photos\/\"},{\"@type\":\"ListItem\",\"position\":3,\"name\":\"Concours de Piano 2022\"}]},{\"@type\":\"WebSite\",\"@id\":\"https:\/\/www.long-thibaud.org\/#website\",\"url\":\"https:\/\/www.long-thibaud.org\/\",\"name\":\"Fondation Long-Thibaud\",\"description\":\"\",\"potentialAction\":[{\"@type\":\"SearchAction\",\"target\":{\"@type\":\"EntryPoint\",\"urlTemplate\":\"https:\/\/www.long-thibaud.org\/?s={search_term_string}\"},\"query-input\":{\"@type\":\"PropertyValueSpecification\",\"valueRequired\":true,\"valueName\":\"search_term_string\"}}],\"inLanguage\":\"en-US\"}]}<\/script>\n<!-- \/ Yoast SEO plugin. -->","yoast_head_json":{"title":"Concours de Piano 2022 - Fondation Long-Thibaud","robots":{"index":"index","follow":"follow","max-snippet":"max-snippet:-1","max-image-preview":"max-image-preview:large","max-video-preview":"max-video-preview:-1"},"canonical":"https:\/\/www.long-thibaud.org\/en\/photos\/concours-de-piano-2022\/","og_locale":"en_US","og_type":"article","og_title":"Concours de Piano 2022 - Fondation Long-Thibaud","og_description":"[vc_row full_width=&#8221;stretch_row&#8221; content_placement=&#8221;middle&#8221; row_type=&#8221;row&#8221; use_row_as_full_screen_section=&#8221;no&#8221; type=&#8221;full_width&#8221; angled_section=&#8221;no&#8221; text_align=&#8221;left&#8221; background_image_as_pattern=&#8221;without_pattern&#8221; el_class=&#8221;banniere&#8221; css=&#8221;.vc_custom_1646607062966{background-image: url(https:\/\/www.long-thibaud.org\/wp-content\/uploads\/2022\/03\/banniere-concours2022-2.jpg?id=164) !important;background-position: center !important;background-repeat: no-repeat !important;background-size: cover !important;}&#8221;][vc_column][vc_custom_heading text=&#8221;News&#8221; font_container=&#8221;tag:h2|font_size:42|text_align:center|color:%23ffffff&#8221; google_fonts=&#8221;font_family:Lora%3Aregular%2Citalic%2C700%2C700italic|font_style:400%20regular%3A400%3Anormal&#8221;][\/vc_column][\/vc_row][vc_row full_width=&#8221;stretch_row&#8221; content_placement=&#8221;top&#8221; row_type=&#8221;row&#8221; use_row_as_full_screen_section=&#8221;no&#8221; type=&#8221;full_width&#8221; angled_section=&#8221;no&#8221; text_align=&#8221;left&#8221; background_image_as_pattern=&#8221;without_pattern&#8221; el_class=&#8221;sous-menu&#8221; css=&#8221;.vc_custom_1646749323799{background-color: #191919 !important;background-position: center !important;background-repeat: no-repeat !important;background-size: cover !important;}&#8221;][vc_column][vc_wp_custommenu nav_menu=&#8221;8&#8243;][\/vc_column][\/vc_row][vc_row gap=&#8221;35&#8243; row_type=&#8221;row&#8221; use_row_as_full_screen_section=&#8221;no&#8221; type=&#8221;grid&#8221; angled_section=&#8221;no&#8221; text_align=&#8221;left&#8221; background_image_as_pattern=&#8221;without_pattern&#8221; css=&#8221;.vc_custom_1646927473648{margin-top: 40px !important;}&#8221; z_index=&#8221;&#8221;][vc_column][vc_custom_heading text=&#8221;International Piano Competition [&hellip;]","og_url":"https:\/\/www.long-thibaud.org\/en\/photos\/concours-de-piano-2022\/","og_site_name":"Fondation Long-Thibaud","article_modified_time":"2023-02-08T10:27:57+00:00","twitter_card":"summary_large_image","twitter_misc":{"Est. reading time":"1 minute"},"schema":{"@context":"https:\/\/schema.org","@graph":[{"@type":"WebPage","@id":"https:\/\/www.long-thibaud.org\/en\/photos\/concours-de-piano-2022\/","url":"https:\/\/www.long-thibaud.org\/en\/photos\/concours-de-piano-2022\/","name":"Concours de Piano 2022 - Fondation Long-Thibaud","isPartOf":{"@id":"https:\/\/www.long-thibaud.org\/#website"},"datePublished":"2023-02-08T10:22:20+00:00","dateModified":"2023-02-08T10:27:57+00:00","breadcrumb":{"@id":"https:\/\/www.long-thibaud.org\/en\/photos\/concours-de-piano-2022\/#breadcrumb"},"inLanguage":"en-US","potentialAction":[{"@type":"ReadAction","target":["https:\/\/www.long-thibaud.org\/en\/photos\/concours-de-piano-2022\/"]}]},{"@type":"BreadcrumbList","@id":"https:\/\/www.long-thibaud.org\/en\/photos\/concours-de-piano-2022\/#breadcrumb","itemListElement":[{"@type":"ListItem","position":1,"name":"Accueil","item":"https:\/\/www.long-thibaud.org\/en\/"},{"@type":"ListItem","position":2,"name":"Photos","item":"https:\/\/www.long-thibaud.org\/en\/photos\/"},{"@type":"ListItem","position":3,"name":"Concours de Piano 2022"}]},{"@type":"WebSite","@id":"https:\/\/www.long-thibaud.org\/#website","url":"https:\/\/www.long-thibaud.org\/","name":"Fondation Long-Thibaud","description":"","potentialAction":[{"@type":"SearchAction","target":{"@type":"EntryPoint","urlTemplate":"https:\/\/www.long-thibaud.org\/?s={search_term_string}"},"query-input":{"@type":"PropertyValueSpecification","valueRequired":true,"valueName":"search_term_string"}}],"inLanguage":"en-US"}]}},"_links":{"self":[{"href":"https:\/\/www.long-thibaud.org\/en\/wp-json\/wp\/v2\/pages\/1957","targetHints":{"allow":["GET"]}}],"collection":[{"href":"https:\/\/www.long-thibaud.org\/en\/wp-json\/wp\/v2\/pages"}],"about":[{"href":"https:\/\/www.long-thibaud.org\/en\/wp-json\/wp\/v2\/types\/page"}],"author":[{"embeddable":true,"href":"https:\/\/www.long-thibaud.org\/en\/wp-json\/wp\/v2\/users\/1"}],"replies":[{"embeddable":true,"href":"https:\/\/www.long-thibaud.org\/en\/wp-json\/wp\/v2\/comments?post=1957"}],"version-history":[{"count":2,"href":"https:\/\/www.long-thibaud.org\/en\/wp-json\/wp\/v2\/pages\/1957\/revisions"}],"predecessor-version":[{"id":1959,"href":"https:\/\/www.long-thibaud.org\/en\/wp-json\/wp\/v2\/pages\/1957\/revisions\/1959"}],"up":[{"embeddable":true,"href":"https:\/\/www.long-thibaud.org\/en\/wp-json\/wp\/v2\/pages\/641"}],"wp:attachment":[{"href":"https:\/\/www.long-thibaud.org\/en\/wp-json\/wp\/v2\/media?parent=1957"}],"curies":[{"name":"wp","href":"https:\/\/api.w.org\/{rel}","templated":true}]}}