{"id":1292,"date":"2022-05-03T17:07:18","date_gmt":"2022-05-03T15:07:18","guid":{"rendered":"https:\/\/www.long-thibaud.org\/comite-artistique\/"},"modified":"2025-01-19T17:52:17","modified_gmt":"2025-01-19T16:52:17","slug":"comite-artistique","status":"publish","type":"page","link":"https:\/\/www.long-thibaud.org\/en\/comite-artistique\/","title":{"rendered":"Artistic committee"},"content":{"rendered":"<div class=\"wpb-content-wrapper\"><p>[vc_row full_width=&#8221;stretch_row&#8221; content_placement=&#8221;middle&#8221; row_type=&#8221;row&#8221; use_row_as_full_screen_section=&#8221;no&#8221; type=&#8221;full_width&#8221; angled_section=&#8221;no&#8221; text_align=&#8221;left&#8221; background_image_as_pattern=&#8221;without_pattern&#8221; el_class=&#8221;banniere&#8221; css=&#8221;.vc_custom_1646607062966{background-image: url(https:\/\/www.long-thibaud.org\/wp-content\/uploads\/2022\/03\/banniere-concours2022-2.jpg?id=164) !important;background-position: center !important;background-repeat: no-repeat !important;background-size: cover !important;}&#8221;][vc_column][vc_custom_heading text=&#8221;The Fondation&#8221; font_container=&#8221;tag:h2|font_size:42|text_align:center|color:%23ffffff&#8221; google_fonts=&#8221;font_family:Lora%3Aregular%2Citalic%2C700%2C700italic|font_style:400%20regular%3A400%3Anormal&#8221;][\/vc_column][\/vc_row][vc_row full_width=&#8221;stretch_row&#8221; content_placement=&#8221;middle&#8221; row_type=&#8221;row&#8221; use_row_as_full_screen_section=&#8221;no&#8221; type=&#8221;full_width&#8221; angled_section=&#8221;no&#8221; text_align=&#8221;left&#8221; background_image_as_pattern=&#8221;without_pattern&#8221; el_class=&#8221;sous-menu&#8221; css=&#8221;.vc_custom_1646723380508{background-color: #191919 !important;background-position: center !important;background-repeat: no-repeat !important;background-size: cover !important;}&#8221;][vc_column][vc_wp_custommenu nav_menu=&#8221;9&#8243;][\/vc_column][\/vc_row][vc_row gap=&#8221;35&#8243; row_type=&#8221;row&#8221; use_row_as_full_screen_section=&#8221;no&#8221; type=&#8221;grid&#8221; angled_section=&#8221;no&#8221; text_align=&#8221;left&#8221; background_image_as_pattern=&#8221;without_pattern&#8221; css=&#8221;.vc_custom_1646606721155{margin-top: 80px !important;}&#8221; z_index=&#8221;&#8221;][vc_column width=&#8221;1\/6&#8243;][\/vc_column][vc_column width=&#8221;2\/3&#8243;][vc_column_text css=&#8221;&#8221;]<\/p>\n<h2>Artistic committee<\/h2>\n<ul>\n<li>Marina Bower, <em>Impresario, President of Evgeny Svetlanov Competition<\/em><\/li>\n<li>Gautier Capu\u00e7on, <em>Cellist<\/em><\/li>\n<li>Didier de Cottignies, <em>Artistic Delegate of Monte-Carlo Philharmonic Orchestra<\/em><\/li>\n<li>Thierry Escaich, <em>Composer<\/em><\/li>\n<li>Bruno-Leonardo Gelber, <em>Pianist<\/em><\/li>\n<li>Yves Henry, <em>Pianist<\/em><\/li>\n<li>Jean-Marie Le Gall, <em>Pr\u00e9sident de l\u2019Orchestre et Ch\u0153ur des Universit\u00e9s de Paris, Vice-Pr\u00e9sident de la Sorbonne<\/em><\/li>\n<li>Pavel Gililov, <em>Pianist<\/em><\/li>\n<li>Bertrand Dermoncourt, <em>Managing Director of Radio Classique<\/em><\/li>\n<li>Dominique Meyer, <em>General Director\u00a0of the Teatro alla\u00a0Scala<\/em><\/li>\n<li>\n<p class=\"p1\"><span class=\"s1\">Andr\u00e9 Peyr\u00e8gne<i> <\/i>(France) <i>Pr\u00e9sident d\u2019honneur \u2013 FFEA <\/i><\/span><span class=\"s2\"><i>(F\u00e9d\u00e9ration des Conservatoires et Musique de France)<\/i><\/span><\/p>\n<\/li>\n<li>J\u00e9r\u00e9mie Rohrer, <em>Conductor<\/em><\/li>\n<li>Dominik Winterling, <em>Managing Director of Royal Concertgebouw Orchestra<\/em><\/li>\n<\/ul>\n<p>[\/vc_column_text][\/vc_column][vc_column width=&#8221;1\/6&#8243;][\/vc_column][\/vc_row]<\/p>\n<\/div>","protected":false},"excerpt":{"rendered":"<p>[vc_row full_width=&#8221;stretch_row&#8221; content_placement=&#8221;middle&#8221; row_type=&#8221;row&#8221; use_row_as_full_screen_section=&#8221;no&#8221; type=&#8221;full_width&#8221; angled_section=&#8221;no&#8221; text_align=&#8221;left&#8221; background_image_as_pattern=&#8221;without_pattern&#8221; el_class=&#8221;banniere&#8221; css=&#8221;.vc_custom_1646607062966{background-image: url(https:\/\/www.long-thibaud.org\/wp-content\/uploads\/2022\/03\/banniere-concours2022-2.jpg?id=164) !important;background-position: center !important;background-repeat: no-repeat !important;background-size: cover !important;}&#8221;][vc_column][vc_custom_heading text=&#8221;The Fondation&#8221; font_container=&#8221;tag:h2|font_size:42|text_align:center|color:%23ffffff&#8221; google_fonts=&#8221;font_family:Lora%3Aregular%2Citalic%2C700%2C700italic|font_style:400%20regular%3A400%3Anormal&#8221;][\/vc_column][\/vc_row][vc_row full_width=&#8221;stretch_row&#8221; content_placement=&#8221;middle&#8221; row_type=&#8221;row&#8221; use_row_as_full_screen_section=&#8221;no&#8221; type=&#8221;full_width&#8221; angled_section=&#8221;no&#8221; text_align=&#8221;left&#8221; background_image_as_pattern=&#8221;without_pattern&#8221; el_class=&#8221;sous-menu&#8221; css=&#8221;.vc_custom_1646723380508{background-color: #191919 !important;background-position: center !important;background-repeat: no-repeat !important;background-size: cover !important;}&#8221;][vc_column][vc_wp_custommenu nav_menu=&#8221;9&#8243;][\/vc_column][\/vc_row][vc_row gap=&#8221;35&#8243; row_type=&#8221;row&#8221; use_row_as_full_screen_section=&#8221;no&#8221; type=&#8221;grid&#8221; angled_section=&#8221;no&#8221; text_align=&#8221;left&#8221; background_image_as_pattern=&#8221;without_pattern&#8221; css=&#8221;.vc_custom_1646606721155{margin-top: 80px !important;}&#8221; z_index=&#8221;&#8221;][vc_column width=&#8221;1\/6&#8243;][\/vc_column][vc_column width=&#8221;2\/3&#8243;][vc_column_text [&hellip;]<\/p>\n","protected":false},"author":1,"featured_media":0,"parent":0,"menu_order":0,"comment_status":"closed","ping_status":"closed","template":"","meta":{"footnotes":""},"class_list":["post-1292","page","type-page","status-publish","hentry"],"yoast_head":"<!-- This site is optimized with the Yoast SEO plugin v26.8 - https:\/\/yoast.com\/product\/yoast-seo-wordpress\/ -->\n<title>Artistic committee - Fondation Long-Thibaud<\/title>\n<meta name=\"robots\" content=\"index, follow, max-snippet:-1, max-image-preview:large, max-video-preview:-1\" \/>\n<link rel=\"canonical\" href=\"https:\/\/www.long-thibaud.org\/en\/comite-artistique\/\" \/>\n<meta property=\"og:locale\" content=\"en_US\" \/>\n<meta property=\"og:type\" content=\"article\" \/>\n<meta property=\"og:title\" content=\"Artistic committee - Fondation Long-Thibaud\" \/>\n<meta property=\"og:description\" content=\"[vc_row full_width=&#8221;stretch_row&#8221; content_placement=&#8221;middle&#8221; row_type=&#8221;row&#8221; use_row_as_full_screen_section=&#8221;no&#8221; type=&#8221;full_width&#8221; angled_section=&#8221;no&#8221; text_align=&#8221;left&#8221; background_image_as_pattern=&#8221;without_pattern&#8221; el_class=&#8221;banniere&#8221; css=&#8221;.vc_custom_1646607062966{background-image: url(https:\/\/www.long-thibaud.org\/wp-content\/uploads\/2022\/03\/banniere-concours2022-2.jpg?id=164) !important;background-position: center !important;background-repeat: no-repeat !important;background-size: cover !important;}&#8221;][vc_column][vc_custom_heading text=&#8221;The Fondation&#8221; font_container=&#8221;tag:h2|font_size:42|text_align:center|color:%23ffffff&#8221; google_fonts=&#8221;font_family:Lora%3Aregular%2Citalic%2C700%2C700italic|font_style:400%20regular%3A400%3Anormal&#8221;][\/vc_column][\/vc_row][vc_row full_width=&#8221;stretch_row&#8221; content_placement=&#8221;middle&#8221; row_type=&#8221;row&#8221; use_row_as_full_screen_section=&#8221;no&#8221; type=&#8221;full_width&#8221; angled_section=&#8221;no&#8221; text_align=&#8221;left&#8221; background_image_as_pattern=&#8221;without_pattern&#8221; el_class=&#8221;sous-menu&#8221; css=&#8221;.vc_custom_1646723380508{background-color: #191919 !important;background-position: center !important;background-repeat: no-repeat !important;background-size: cover !important;}&#8221;][vc_column][vc_wp_custommenu nav_menu=&#8221;9&#8243;][\/vc_column][\/vc_row][vc_row gap=&#8221;35&#8243; row_type=&#8221;row&#8221; use_row_as_full_screen_section=&#8221;no&#8221; type=&#8221;grid&#8221; angled_section=&#8221;no&#8221; text_align=&#8221;left&#8221; background_image_as_pattern=&#8221;without_pattern&#8221; css=&#8221;.vc_custom_1646606721155{margin-top: 80px !important;}&#8221; z_index=&#8221;&#8221;][vc_column width=&#8221;1\/6&#8243;][\/vc_column][vc_column width=&#8221;2\/3&#8243;][vc_column_text [&hellip;]\" \/>\n<meta property=\"og:url\" content=\"https:\/\/www.long-thibaud.org\/en\/comite-artistique\/\" \/>\n<meta property=\"og:site_name\" content=\"Fondation Long-Thibaud\" \/>\n<meta property=\"article:modified_time\" content=\"2025-01-19T16:52:17+00:00\" \/>\n<meta name=\"twitter:card\" content=\"summary_large_image\" \/>\n<meta name=\"twitter:label1\" content=\"Est. reading time\" \/>\n\t<meta name=\"twitter:data1\" content=\"1 minute\" \/>\n<script type=\"application\/ld+json\" class=\"yoast-schema-graph\">{\"@context\":\"https:\/\/schema.org\",\"@graph\":[{\"@type\":\"WebPage\",\"@id\":\"https:\/\/www.long-thibaud.org\/en\/comite-artistique\/\",\"url\":\"https:\/\/www.long-thibaud.org\/en\/comite-artistique\/\",\"name\":\"Artistic committee - Fondation Long-Thibaud\",\"isPartOf\":{\"@id\":\"https:\/\/www.long-thibaud.org\/#website\"},\"datePublished\":\"2022-05-03T15:07:18+00:00\",\"dateModified\":\"2025-01-19T16:52:17+00:00\",\"breadcrumb\":{\"@id\":\"https:\/\/www.long-thibaud.org\/en\/comite-artistique\/#breadcrumb\"},\"inLanguage\":\"en-US\",\"potentialAction\":[{\"@type\":\"ReadAction\",\"target\":[\"https:\/\/www.long-thibaud.org\/en\/comite-artistique\/\"]}]},{\"@type\":\"BreadcrumbList\",\"@id\":\"https:\/\/www.long-thibaud.org\/en\/comite-artistique\/#breadcrumb\",\"itemListElement\":[{\"@type\":\"ListItem\",\"position\":1,\"name\":\"Accueil\",\"item\":\"https:\/\/www.long-thibaud.org\/en\/\"},{\"@type\":\"ListItem\",\"position\":2,\"name\":\"Artistic committee\"}]},{\"@type\":\"WebSite\",\"@id\":\"https:\/\/www.long-thibaud.org\/#website\",\"url\":\"https:\/\/www.long-thibaud.org\/\",\"name\":\"Fondation Long-Thibaud\",\"description\":\"\",\"potentialAction\":[{\"@type\":\"SearchAction\",\"target\":{\"@type\":\"EntryPoint\",\"urlTemplate\":\"https:\/\/www.long-thibaud.org\/?s={search_term_string}\"},\"query-input\":{\"@type\":\"PropertyValueSpecification\",\"valueRequired\":true,\"valueName\":\"search_term_string\"}}],\"inLanguage\":\"en-US\"}]}<\/script>\n<!-- \/ Yoast SEO plugin. -->","yoast_head_json":{"title":"Artistic committee - Fondation Long-Thibaud","robots":{"index":"index","follow":"follow","max-snippet":"max-snippet:-1","max-image-preview":"max-image-preview:large","max-video-preview":"max-video-preview:-1"},"canonical":"https:\/\/www.long-thibaud.org\/en\/comite-artistique\/","og_locale":"en_US","og_type":"article","og_title":"Artistic committee - Fondation Long-Thibaud","og_description":"[vc_row full_width=&#8221;stretch_row&#8221; content_placement=&#8221;middle&#8221; row_type=&#8221;row&#8221; use_row_as_full_screen_section=&#8221;no&#8221; type=&#8221;full_width&#8221; angled_section=&#8221;no&#8221; text_align=&#8221;left&#8221; background_image_as_pattern=&#8221;without_pattern&#8221; el_class=&#8221;banniere&#8221; css=&#8221;.vc_custom_1646607062966{background-image: url(https:\/\/www.long-thibaud.org\/wp-content\/uploads\/2022\/03\/banniere-concours2022-2.jpg?id=164) !important;background-position: center !important;background-repeat: no-repeat !important;background-size: cover !important;}&#8221;][vc_column][vc_custom_heading text=&#8221;The Fondation&#8221; font_container=&#8221;tag:h2|font_size:42|text_align:center|color:%23ffffff&#8221; google_fonts=&#8221;font_family:Lora%3Aregular%2Citalic%2C700%2C700italic|font_style:400%20regular%3A400%3Anormal&#8221;][\/vc_column][\/vc_row][vc_row full_width=&#8221;stretch_row&#8221; content_placement=&#8221;middle&#8221; row_type=&#8221;row&#8221; use_row_as_full_screen_section=&#8221;no&#8221; type=&#8221;full_width&#8221; angled_section=&#8221;no&#8221; text_align=&#8221;left&#8221; background_image_as_pattern=&#8221;without_pattern&#8221; el_class=&#8221;sous-menu&#8221; css=&#8221;.vc_custom_1646723380508{background-color: #191919 !important;background-position: center !important;background-repeat: no-repeat !important;background-size: cover !important;}&#8221;][vc_column][vc_wp_custommenu nav_menu=&#8221;9&#8243;][\/vc_column][\/vc_row][vc_row gap=&#8221;35&#8243; row_type=&#8221;row&#8221; use_row_as_full_screen_section=&#8221;no&#8221; type=&#8221;grid&#8221; angled_section=&#8221;no&#8221; text_align=&#8221;left&#8221; background_image_as_pattern=&#8221;without_pattern&#8221; css=&#8221;.vc_custom_1646606721155{margin-top: 80px !important;}&#8221; z_index=&#8221;&#8221;][vc_column width=&#8221;1\/6&#8243;][\/vc_column][vc_column width=&#8221;2\/3&#8243;][vc_column_text [&hellip;]","og_url":"https:\/\/www.long-thibaud.org\/en\/comite-artistique\/","og_site_name":"Fondation Long-Thibaud","article_modified_time":"2025-01-19T16:52:17+00:00","twitter_card":"summary_large_image","twitter_misc":{"Est. reading time":"1 minute"},"schema":{"@context":"https:\/\/schema.org","@graph":[{"@type":"WebPage","@id":"https:\/\/www.long-thibaud.org\/en\/comite-artistique\/","url":"https:\/\/www.long-thibaud.org\/en\/comite-artistique\/","name":"Artistic committee - Fondation Long-Thibaud","isPartOf":{"@id":"https:\/\/www.long-thibaud.org\/#website"},"datePublished":"2022-05-03T15:07:18+00:00","dateModified":"2025-01-19T16:52:17+00:00","breadcrumb":{"@id":"https:\/\/www.long-thibaud.org\/en\/comite-artistique\/#breadcrumb"},"inLanguage":"en-US","potentialAction":[{"@type":"ReadAction","target":["https:\/\/www.long-thibaud.org\/en\/comite-artistique\/"]}]},{"@type":"BreadcrumbList","@id":"https:\/\/www.long-thibaud.org\/en\/comite-artistique\/#breadcrumb","itemListElement":[{"@type":"ListItem","position":1,"name":"Accueil","item":"https:\/\/www.long-thibaud.org\/en\/"},{"@type":"ListItem","position":2,"name":"Artistic committee"}]},{"@type":"WebSite","@id":"https:\/\/www.long-thibaud.org\/#website","url":"https:\/\/www.long-thibaud.org\/","name":"Fondation Long-Thibaud","description":"","potentialAction":[{"@type":"SearchAction","target":{"@type":"EntryPoint","urlTemplate":"https:\/\/www.long-thibaud.org\/?s={search_term_string}"},"query-input":{"@type":"PropertyValueSpecification","valueRequired":true,"valueName":"search_term_string"}}],"inLanguage":"en-US"}]}},"_links":{"self":[{"href":"https:\/\/www.long-thibaud.org\/en\/wp-json\/wp\/v2\/pages\/1292","targetHints":{"allow":["GET"]}}],"collection":[{"href":"https:\/\/www.long-thibaud.org\/en\/wp-json\/wp\/v2\/pages"}],"about":[{"href":"https:\/\/www.long-thibaud.org\/en\/wp-json\/wp\/v2\/types\/page"}],"author":[{"embeddable":true,"href":"https:\/\/www.long-thibaud.org\/en\/wp-json\/wp\/v2\/users\/1"}],"replies":[{"embeddable":true,"href":"https:\/\/www.long-thibaud.org\/en\/wp-json\/wp\/v2\/comments?post=1292"}],"version-history":[{"count":14,"href":"https:\/\/www.long-thibaud.org\/en\/wp-json\/wp\/v2\/pages\/1292\/revisions"}],"predecessor-version":[{"id":2796,"href":"https:\/\/www.long-thibaud.org\/en\/wp-json\/wp\/v2\/pages\/1292\/revisions\/2796"}],"wp:attachment":[{"href":"https:\/\/www.long-thibaud.org\/en\/wp-json\/wp\/v2\/media?parent=1292"}],"curies":[{"name":"wp","href":"https:\/\/api.w.org\/{rel}","templated":true}]}}