{"id":1024,"date":"2022-04-01T15:01:35","date_gmt":"2022-04-01T13:01:35","guid":{"rendered":"https:\/\/www.long-thibaud.org\/video-fr\/"},"modified":"2023-01-31T23:37:37","modified_gmt":"2023-01-31T22:37:37","slug":"video-fr","status":"publish","type":"page","link":"https:\/\/www.long-thibaud.org\/en\/video-fr\/","title":{"rendered":"Vid\u00e9o francais"},"content":{"rendered":"<div class=\"wpb-content-wrapper\"><p>[vc_row full_width=&#8221;stretch_row&#8221; content_placement=&#8221;middle&#8221; row_type=&#8221;row&#8221; use_row_as_full_screen_section=&#8221;no&#8221; type=&#8221;full_width&#8221; angled_section=&#8221;no&#8221; text_align=&#8221;left&#8221; background_image_as_pattern=&#8221;without_pattern&#8221; css=&#8221;.vc_custom_1648990130565{background-position: center !important;background-repeat: no-repeat !important;background-size: cover !important;}&#8221; el_class=&#8221;sous-menu-video&#8221;][vc_column][vc_wp_custommenu nav_menu=&#8221;22&#8243;][\/vc_column][\/vc_row][vc_row full_width=&#8221;stretch_row&#8221; content_placement=&#8221;middle&#8221; disable_element=&#8221;yes&#8221; row_type=&#8221;row&#8221; use_row_as_full_screen_section=&#8221;no&#8221; type=&#8221;full_width&#8221; angled_section=&#8221;no&#8221; text_align=&#8221;left&#8221; background_image_as_pattern=&#8221;without_pattern&#8221; css=&#8221;.vc_custom_1675204197467{margin-top: 50px !important;background-position: center !important;background-repeat: no-repeat !important;background-size: cover !important;}&#8221;][vc_column][vc_custom_heading text=&#8221;Message du Pr\u00e9sident de la Fondation Long-Thibaud&#8221; font_container=&#8221;tag:h2|font_size:23px|text_align:center|color:%230a0a0a&#8221; google_fonts=&#8221;font_family:Lora%3Aregular%2Citalic%2C700%2C700italic|font_style:400%20regular%3A400%3Anormal&#8221;][\/vc_column][\/vc_row][vc_row gap=&#8221;35&#8243; disable_element=&#8221;yes&#8221; row_type=&#8221;row&#8221; use_row_as_full_screen_section=&#8221;no&#8221; type=&#8221;grid&#8221; angled_section=&#8221;no&#8221; text_align=&#8221;left&#8221; background_image_as_pattern=&#8221;without_pattern&#8221; z_index=&#8221;&#8221;][vc_column width=&#8221;1\/6&#8243;][\/vc_column][vc_column width=&#8221;2\/3&#8243;]<div id=\"ultimate-video-327869ecf233e9244\" class=\"ult-video  ult-adjust-bottom-margin ultimate-video-327869ecf233e9244 ultv-7654 \"><div class=\"ultv-video ultv-aspect-ratio-16_9 ultv-subscribe-responsive-none\" data-videotype=\"vimeo_video\">\n\t\t\t\t\t\t<div class=\"ultv-video__outer-wrap\" data-autoplay=\"0\" data-device=\"false\"  data-iconbg=\"#3A3A3A\" data-overcolor=\"\" data-defaultbg=\"#1f1f1e\" data-defaultplay=\"defaulticon\"><div class=\"ultv-video__play\" data-src=\"https:\/\/player.vimeo.com\/video\/694904834?loop=0&#038;title=0&#038;portrait=0&#038;byline=0&#038;color&#038;autopause=0&#038;autoplay=1\">\n\t\t\t\t\t\t\t\t<img decoding=\"async\" class=\"ultv-video__thumb\" src=\"https:\/\/www.long-thibaud.org\/wp-content\/uploads\/2022\/03\/csm_PHOTO-GB_e88ec2baca.jpg\"\/>\n\t\t\t\t\t\t\t\t<div class=\"ultv-video__play-icon  ultv-animation-none\" style=\"width:75px\"><svg version=\"1.1\" height=\"100%\" width=\"100%\"  viewBox=\"0 14.375 95 66.25\"><path class=\"ultv-vimeo-icon-bg\" d=\"M12.5,14.375c-6.903,0-12.5,5.597-12.5,12.5v41.25c0,6.902,5.597,12.5,12.5,12.5h70c6.903,0,12.5-5.598,12.5-12.5v-41.25c0-6.903-5.597-12.5-12.5-12.5H12.5z\"\/><polygon fill=\"#FFFFFF\" points=\"39.992,64.299 39.992,30.701 62.075,47.5 \"\/><\/svg><\/div> <\/div> <\/div><\/div><\/div>[\/vc_column][vc_column width=&#8221;1\/6&#8243;][\/vc_column][\/vc_row][vc_row gap=&#8221;35&#8243; row_type=&#8221;row&#8221; use_row_as_full_screen_section=&#8221;no&#8221; type=&#8221;grid&#8221; angled_section=&#8221;no&#8221; text_align=&#8221;left&#8221; background_image_as_pattern=&#8221;without_pattern&#8221; z_index=&#8221;&#8221; css=&#8221;.vc_custom_1675204439482{margin-top: 30px !important;}&#8221;][vc_column width=&#8221;1\/3&#8243;][vc_single_image image=&#8221;1908&#8243; img_size=&#8221;medium&#8221; alignment=&#8221;center&#8221; css=&#8221;.vc_custom_1675204612158{margin-bottom: 30px !important;}&#8221;][\/vc_column][vc_column width=&#8221;2\/3&#8243;][vc_column_text]<\/p>\n<h2>Message du Pr\u00e9sident de la Fondation Long-Thibaud<\/h2>\n<p>Chers Candidats du monde entier,<\/p>\n<p>Paris et le Concours Long-Thibaud \u00a0vous attendent cette ann\u00e9e.<\/p>\n<p>Comme vous le savez, le Long-Thibaud est l\u2019un des plus prestigieux Concours de musique au monde.<\/p>\n<p>Je sais que la musique est votre vie.<\/p>\n<p>Je vous invite \u00e0 venir partager un grand moment \u00e0 Paris.<\/p>\n<p>Le Concours Long-Thibaud a engendr\u00e9 de v\u00e9ritables l\u00e9gendes de la musique au cours de son histoire, longue de 80\u00a0ans.<\/p>\n<p>Vous \u00eates peut-\u00eatre la prochaine l\u00e9gende que r\u00e9v\u00e8lera le Concours.<\/p>\n<p>Les membres du Jury ne seront pas des juges.<\/p>\n<p>Ils seront vos amis. Des amis de la musique avec qui vous pourrez \u00e9changer afin que vous donniez le meilleur de vous-m\u00eame.<\/p>\n<p>Vos doigts sont forts, mais surtout, votre \u00e2me est encore plus forte. Pour que vous exprimiez votre talent et votre amour de la musique.<\/p>\n<p>Nous nous r\u00e9jouissons de vous voir bient\u00f4t \u00e0 Paris au concours Long-Thibaud.[\/vc_column_text][\/vc_column][\/vc_row]<\/p>\n<\/div>","protected":false},"excerpt":{"rendered":"<p>[vc_row full_width=&#8221;stretch_row&#8221; content_placement=&#8221;middle&#8221; row_type=&#8221;row&#8221; use_row_as_full_screen_section=&#8221;no&#8221; type=&#8221;full_width&#8221; angled_section=&#8221;no&#8221; text_align=&#8221;left&#8221; background_image_as_pattern=&#8221;without_pattern&#8221; css=&#8221;.vc_custom_1648990130565{background-position: center !important;background-repeat: no-repeat !important;background-size: cover !important;}&#8221; el_class=&#8221;sous-menu-video&#8221;][vc_column][vc_wp_custommenu nav_menu=&#8221;22&#8243;][\/vc_column][\/vc_row][vc_row full_width=&#8221;stretch_row&#8221; content_placement=&#8221;middle&#8221; disable_element=&#8221;yes&#8221; row_type=&#8221;row&#8221; use_row_as_full_screen_section=&#8221;no&#8221; type=&#8221;full_width&#8221; angled_section=&#8221;no&#8221; text_align=&#8221;left&#8221; background_image_as_pattern=&#8221;without_pattern&#8221; css=&#8221;.vc_custom_1675204197467{margin-top: 50px !important;background-position: center !important;background-repeat: no-repeat !important;background-size: cover !important;}&#8221;][vc_column][vc_custom_heading text=&#8221;Message du Pr\u00e9sident de la Fondation Long-Thibaud&#8221; font_container=&#8221;tag:h2|font_size:23px|text_align:center|color:%230a0a0a&#8221; google_fonts=&#8221;font_family:Lora%3Aregular%2Citalic%2C700%2C700italic|font_style:400%20regular%3A400%3Anormal&#8221;][\/vc_column][\/vc_row][vc_row gap=&#8221;35&#8243; disable_element=&#8221;yes&#8221; row_type=&#8221;row&#8221; use_row_as_full_screen_section=&#8221;no&#8221; type=&#8221;grid&#8221; angled_section=&#8221;no&#8221; text_align=&#8221;left&#8221; background_image_as_pattern=&#8221;without_pattern&#8221; z_index=&#8221;&#8221;][vc_column width=&#8221;1\/6&#8243;][\/vc_column][vc_column [&hellip;]<\/p>\n","protected":false},"author":1,"featured_media":0,"parent":0,"menu_order":0,"comment_status":"closed","ping_status":"closed","template":"","meta":{"footnotes":""},"class_list":["post-1024","page","type-page","status-publish","hentry"],"yoast_head":"<!-- This site is optimized with the Yoast SEO plugin v26.8 - https:\/\/yoast.com\/product\/yoast-seo-wordpress\/ -->\n<title>Vid\u00e9o francais - Fondation Long-Thibaud<\/title>\n<meta name=\"robots\" content=\"index, follow, max-snippet:-1, max-image-preview:large, max-video-preview:-1\" \/>\n<link rel=\"canonical\" href=\"https:\/\/www.long-thibaud.org\/en\/video-fr\/\" \/>\n<meta property=\"og:locale\" content=\"en_US\" \/>\n<meta property=\"og:type\" content=\"article\" \/>\n<meta property=\"og:title\" content=\"Vid\u00e9o francais - Fondation Long-Thibaud\" \/>\n<meta property=\"og:description\" content=\"[vc_row full_width=&#8221;stretch_row&#8221; content_placement=&#8221;middle&#8221; row_type=&#8221;row&#8221; use_row_as_full_screen_section=&#8221;no&#8221; type=&#8221;full_width&#8221; angled_section=&#8221;no&#8221; text_align=&#8221;left&#8221; background_image_as_pattern=&#8221;without_pattern&#8221; css=&#8221;.vc_custom_1648990130565{background-position: center !important;background-repeat: no-repeat !important;background-size: cover !important;}&#8221; el_class=&#8221;sous-menu-video&#8221;][vc_column][vc_wp_custommenu nav_menu=&#8221;22&#8243;][\/vc_column][\/vc_row][vc_row full_width=&#8221;stretch_row&#8221; content_placement=&#8221;middle&#8221; disable_element=&#8221;yes&#8221; row_type=&#8221;row&#8221; use_row_as_full_screen_section=&#8221;no&#8221; type=&#8221;full_width&#8221; angled_section=&#8221;no&#8221; text_align=&#8221;left&#8221; background_image_as_pattern=&#8221;without_pattern&#8221; css=&#8221;.vc_custom_1675204197467{margin-top: 50px !important;background-position: center !important;background-repeat: no-repeat !important;background-size: cover !important;}&#8221;][vc_column][vc_custom_heading text=&#8221;Message du Pr\u00e9sident de la Fondation Long-Thibaud&#8221; font_container=&#8221;tag:h2|font_size:23px|text_align:center|color:%230a0a0a&#8221; google_fonts=&#8221;font_family:Lora%3Aregular%2Citalic%2C700%2C700italic|font_style:400%20regular%3A400%3Anormal&#8221;][\/vc_column][\/vc_row][vc_row gap=&#8221;35&#8243; disable_element=&#8221;yes&#8221; row_type=&#8221;row&#8221; use_row_as_full_screen_section=&#8221;no&#8221; type=&#8221;grid&#8221; angled_section=&#8221;no&#8221; text_align=&#8221;left&#8221; background_image_as_pattern=&#8221;without_pattern&#8221; z_index=&#8221;&#8221;][vc_column width=&#8221;1\/6&#8243;][\/vc_column][vc_column [&hellip;]\" \/>\n<meta property=\"og:url\" content=\"https:\/\/www.long-thibaud.org\/en\/video-fr\/\" \/>\n<meta property=\"og:site_name\" content=\"Fondation Long-Thibaud\" \/>\n<meta property=\"article:modified_time\" content=\"2023-01-31T22:37:37+00:00\" \/>\n<meta name=\"twitter:card\" content=\"summary_large_image\" \/>\n<meta name=\"twitter:label1\" content=\"Est. reading time\" \/>\n\t<meta name=\"twitter:data1\" content=\"2 minutes\" \/>\n<script type=\"application\/ld+json\" class=\"yoast-schema-graph\">{\"@context\":\"https:\/\/schema.org\",\"@graph\":[{\"@type\":\"WebPage\",\"@id\":\"https:\/\/www.long-thibaud.org\/en\/video-fr\/\",\"url\":\"https:\/\/www.long-thibaud.org\/en\/video-fr\/\",\"name\":\"Vid\u00e9o francais - Fondation Long-Thibaud\",\"isPartOf\":{\"@id\":\"https:\/\/www.long-thibaud.org\/#website\"},\"datePublished\":\"2022-04-01T13:01:35+00:00\",\"dateModified\":\"2023-01-31T22:37:37+00:00\",\"breadcrumb\":{\"@id\":\"https:\/\/www.long-thibaud.org\/en\/video-fr\/#breadcrumb\"},\"inLanguage\":\"en-US\",\"potentialAction\":[{\"@type\":\"ReadAction\",\"target\":[\"https:\/\/www.long-thibaud.org\/en\/video-fr\/\"]}]},{\"@type\":\"BreadcrumbList\",\"@id\":\"https:\/\/www.long-thibaud.org\/en\/video-fr\/#breadcrumb\",\"itemListElement\":[{\"@type\":\"ListItem\",\"position\":1,\"name\":\"Accueil\",\"item\":\"https:\/\/www.long-thibaud.org\/en\/\"},{\"@type\":\"ListItem\",\"position\":2,\"name\":\"Vid\u00e9o francais\"}]},{\"@type\":\"WebSite\",\"@id\":\"https:\/\/www.long-thibaud.org\/#website\",\"url\":\"https:\/\/www.long-thibaud.org\/\",\"name\":\"Fondation Long-Thibaud\",\"description\":\"\",\"potentialAction\":[{\"@type\":\"SearchAction\",\"target\":{\"@type\":\"EntryPoint\",\"urlTemplate\":\"https:\/\/www.long-thibaud.org\/?s={search_term_string}\"},\"query-input\":{\"@type\":\"PropertyValueSpecification\",\"valueRequired\":true,\"valueName\":\"search_term_string\"}}],\"inLanguage\":\"en-US\"}]}<\/script>\n<!-- \/ Yoast SEO plugin. -->","yoast_head_json":{"title":"Vid\u00e9o francais - Fondation Long-Thibaud","robots":{"index":"index","follow":"follow","max-snippet":"max-snippet:-1","max-image-preview":"max-image-preview:large","max-video-preview":"max-video-preview:-1"},"canonical":"https:\/\/www.long-thibaud.org\/en\/video-fr\/","og_locale":"en_US","og_type":"article","og_title":"Vid\u00e9o francais - Fondation Long-Thibaud","og_description":"[vc_row full_width=&#8221;stretch_row&#8221; content_placement=&#8221;middle&#8221; row_type=&#8221;row&#8221; use_row_as_full_screen_section=&#8221;no&#8221; type=&#8221;full_width&#8221; angled_section=&#8221;no&#8221; text_align=&#8221;left&#8221; background_image_as_pattern=&#8221;without_pattern&#8221; css=&#8221;.vc_custom_1648990130565{background-position: center !important;background-repeat: no-repeat !important;background-size: cover !important;}&#8221; el_class=&#8221;sous-menu-video&#8221;][vc_column][vc_wp_custommenu nav_menu=&#8221;22&#8243;][\/vc_column][\/vc_row][vc_row full_width=&#8221;stretch_row&#8221; content_placement=&#8221;middle&#8221; disable_element=&#8221;yes&#8221; row_type=&#8221;row&#8221; use_row_as_full_screen_section=&#8221;no&#8221; type=&#8221;full_width&#8221; angled_section=&#8221;no&#8221; text_align=&#8221;left&#8221; background_image_as_pattern=&#8221;without_pattern&#8221; css=&#8221;.vc_custom_1675204197467{margin-top: 50px !important;background-position: center !important;background-repeat: no-repeat !important;background-size: cover !important;}&#8221;][vc_column][vc_custom_heading text=&#8221;Message du Pr\u00e9sident de la Fondation Long-Thibaud&#8221; font_container=&#8221;tag:h2|font_size:23px|text_align:center|color:%230a0a0a&#8221; google_fonts=&#8221;font_family:Lora%3Aregular%2Citalic%2C700%2C700italic|font_style:400%20regular%3A400%3Anormal&#8221;][\/vc_column][\/vc_row][vc_row gap=&#8221;35&#8243; disable_element=&#8221;yes&#8221; row_type=&#8221;row&#8221; use_row_as_full_screen_section=&#8221;no&#8221; type=&#8221;grid&#8221; angled_section=&#8221;no&#8221; text_align=&#8221;left&#8221; background_image_as_pattern=&#8221;without_pattern&#8221; z_index=&#8221;&#8221;][vc_column width=&#8221;1\/6&#8243;][\/vc_column][vc_column [&hellip;]","og_url":"https:\/\/www.long-thibaud.org\/en\/video-fr\/","og_site_name":"Fondation Long-Thibaud","article_modified_time":"2023-01-31T22:37:37+00:00","twitter_card":"summary_large_image","twitter_misc":{"Est. reading time":"2 minutes"},"schema":{"@context":"https:\/\/schema.org","@graph":[{"@type":"WebPage","@id":"https:\/\/www.long-thibaud.org\/en\/video-fr\/","url":"https:\/\/www.long-thibaud.org\/en\/video-fr\/","name":"Vid\u00e9o francais - Fondation Long-Thibaud","isPartOf":{"@id":"https:\/\/www.long-thibaud.org\/#website"},"datePublished":"2022-04-01T13:01:35+00:00","dateModified":"2023-01-31T22:37:37+00:00","breadcrumb":{"@id":"https:\/\/www.long-thibaud.org\/en\/video-fr\/#breadcrumb"},"inLanguage":"en-US","potentialAction":[{"@type":"ReadAction","target":["https:\/\/www.long-thibaud.org\/en\/video-fr\/"]}]},{"@type":"BreadcrumbList","@id":"https:\/\/www.long-thibaud.org\/en\/video-fr\/#breadcrumb","itemListElement":[{"@type":"ListItem","position":1,"name":"Accueil","item":"https:\/\/www.long-thibaud.org\/en\/"},{"@type":"ListItem","position":2,"name":"Vid\u00e9o francais"}]},{"@type":"WebSite","@id":"https:\/\/www.long-thibaud.org\/#website","url":"https:\/\/www.long-thibaud.org\/","name":"Fondation Long-Thibaud","description":"","potentialAction":[{"@type":"SearchAction","target":{"@type":"EntryPoint","urlTemplate":"https:\/\/www.long-thibaud.org\/?s={search_term_string}"},"query-input":{"@type":"PropertyValueSpecification","valueRequired":true,"valueName":"search_term_string"}}],"inLanguage":"en-US"}]}},"_links":{"self":[{"href":"https:\/\/www.long-thibaud.org\/en\/wp-json\/wp\/v2\/pages\/1024","targetHints":{"allow":["GET"]}}],"collection":[{"href":"https:\/\/www.long-thibaud.org\/en\/wp-json\/wp\/v2\/pages"}],"about":[{"href":"https:\/\/www.long-thibaud.org\/en\/wp-json\/wp\/v2\/types\/page"}],"author":[{"embeddable":true,"href":"https:\/\/www.long-thibaud.org\/en\/wp-json\/wp\/v2\/users\/1"}],"replies":[{"embeddable":true,"href":"https:\/\/www.long-thibaud.org\/en\/wp-json\/wp\/v2\/comments?post=1024"}],"version-history":[{"count":6,"href":"https:\/\/www.long-thibaud.org\/en\/wp-json\/wp\/v2\/pages\/1024\/revisions"}],"predecessor-version":[{"id":1913,"href":"https:\/\/www.long-thibaud.org\/en\/wp-json\/wp\/v2\/pages\/1024\/revisions\/1913"}],"wp:attachment":[{"href":"https:\/\/www.long-thibaud.org\/en\/wp-json\/wp\/v2\/media?parent=1024"}],"curies":[{"name":"wp","href":"https:\/\/api.w.org\/{rel}","templated":true}]}}