{"id":1015,"date":"2022-04-01T19:15:59","date_gmt":"2022-04-01T17:15:59","guid":{"rendered":"https:\/\/www.long-thibaud.org\/video-hongrie\/"},"modified":"2023-03-14T16:25:05","modified_gmt":"2023-03-14T15:25:05","slug":"video-hongrie","status":"publish","type":"page","link":"https:\/\/www.long-thibaud.org\/en\/video-hongrie\/","title":{"rendered":"Video hongrie"},"content":{"rendered":"<div class=\"wpb-content-wrapper\"><p>[vc_row full_width=&#8221;stretch_row&#8221; content_placement=&#8221;middle&#8221; row_type=&#8221;row&#8221; use_row_as_full_screen_section=&#8221;no&#8221; type=&#8221;full_width&#8221; angled_section=&#8221;no&#8221; text_align=&#8221;left&#8221; background_image_as_pattern=&#8221;without_pattern&#8221; css=&#8221;.vc_custom_1648990130565{background-position: center !important;background-repeat: no-repeat !important;background-size: cover !important;}&#8221; el_class=&#8221;sous-menu-video&#8221;][vc_column][vc_wp_custommenu nav_menu=&#8221;22&#8243;][\/vc_column][\/vc_row][vc_row full_width=&#8221;stretch_row&#8221; content_placement=&#8221;middle&#8221; disable_element=&#8221;yes&#8221; row_type=&#8221;row&#8221; use_row_as_full_screen_section=&#8221;no&#8221; type=&#8221;full_width&#8221; angled_section=&#8221;no&#8221; text_align=&#8221;left&#8221; background_image_as_pattern=&#8221;without_pattern&#8221; css=&#8221;.vc_custom_1678807032128{margin-top: 50px !important;background-position: center !important;background-repeat: no-repeat !important;background-size: cover !important;}&#8221;][vc_column][vc_custom_heading text=&#8221;A Long-Thibaud Alap\u00edtv\u00e1ny Eln\u00f6k\u00e9nek \u00fczenete&#8221; font_container=&#8221;tag:h2|font_size:23px|text_align:center|color:%230a0a0a&#8221; google_fonts=&#8221;font_family:Lora%3Aregular%2Citalic%2C700%2C700italic|font_style:400%20regular%3A400%3Anormal&#8221;][\/vc_column][\/vc_row][vc_row gap=&#8221;35&#8243; disable_element=&#8221;yes&#8221; row_type=&#8221;row&#8221; use_row_as_full_screen_section=&#8221;no&#8221; type=&#8221;grid&#8221; angled_section=&#8221;no&#8221; text_align=&#8221;left&#8221; background_image_as_pattern=&#8221;without_pattern&#8221; z_index=&#8221;&#8221;][vc_column width=&#8221;1\/6&#8243;][\/vc_column][vc_column width=&#8221;2\/3&#8243;]<div id=\"ultimate-video-864769d6d4e684267\" class=\"ult-video  ult-adjust-bottom-margin ultimate-video-864769d6d4e684267 ultv-4715 \"><div class=\"ultv-video ultv-aspect-ratio-16_9 ultv-subscribe-responsive-none\" data-videotype=\"uv_iframe\">\n\t\t\t\t\t\t<div class=\"ultv-video__outer-wrap\" data-autoplay=\"0\" data-device=\"false\"  data-iconbg=\"#3A3A3A\" data-overcolor=\"\" data-defaultbg=\"#1f1f1e\" data-defaultplay=\"defaulticon\"><div class=\"ultv-video__play\" data-src=\"https:\/\/www.youtube.com\/embed\/pZWHMLBC7MM?rel=0&#038;start&#038;end&#038;controls=0&#038;mute=0&#038;modestbranding=0&#038;autoplay=1\">\n\t\t\t\t\t\t\t\t<img decoding=\"async\" class=\"ultv-video__thumb\" src=\"https:\/\/www.long-thibaud.org\/wp-content\/uploads\/2022\/03\/csm_PHOTO-GB_e88ec2baca.jpg\"\/>\n\t\t\t\t\t\t\t\t<div class=\"ultv-video__play-icon  ultv-animation-none\" style=\"width:75px\"><svg height=\"100%\" version=\"1.1\" viewBox=\"0 0 68 48\" width=\"100%\"><path class=\"ultv-youtube-icon-bg\" d=\"m .66,37.62 c 0,0 .66,4.70 2.70,6.77 2.58,2.71 5.98,2.63 7.49,2.91 5.43,.52 23.10,.68 23.12,.68 .00,-1.3e-5 14.29,-0.02 23.81,-0.71 1.32,-0.15 4.22,-0.17 6.81,-2.89 2.03,-2.07 2.70,-6.77 2.70,-6.77 0,0 .67,-5.52 .67,-11.04 l 0,-5.17 c 0,-5.52 -0.67,-11.04 -0.67,-11.04 0,0 -0.66,-4.70 -2.70,-6.77 C 62.03,.86 59.13,.84 57.80,.69 48.28,0 34.00,0 34.00,0 33.97,0 19.69,0 10.18,.69 8.85,.84 5.95,.86 3.36,3.58 1.32,5.65 .66,10.35 .66,10.35 c 0,0 -0.55,4.50 -0.66,9.45 l 0,8.36 c .10,4.94 .66,9.45 .66,9.45 z\" fill=\"#1f1f1e\" ><\/path><path d=\"m 26.96,13.67 18.37,9.62 -18.37,9.55 -0.00,-19.17 z\" fill=\"#fff\"><\/path><path d=\"M 45.02,23.46 45.32,23.28 26.96,13.67 43.32,22.34 45.02,23.46 z\" fill=\"#ccc\"><\/path><\/svg><\/div> <\/div> <\/div><\/div><\/div>[\/vc_column][vc_column width=&#8221;1\/6&#8243;][\/vc_column][\/vc_row][vc_row gap=&#8221;35&#8243; row_type=&#8221;row&#8221; use_row_as_full_screen_section=&#8221;no&#8221; type=&#8221;grid&#8221; angled_section=&#8221;no&#8221; text_align=&#8221;left&#8221; background_image_as_pattern=&#8221;without_pattern&#8221; z_index=&#8221;&#8221; css=&#8221;.vc_custom_1675204439482{margin-top: 30px !important;}&#8221;][vc_column width=&#8221;1\/3&#8243;][vc_single_image image=&#8221;1908&#8243; img_size=&#8221;medium&#8221; alignment=&#8221;center&#8221; css=&#8221;.vc_custom_1675204612158{margin-bottom: 30px !important;}&#8221;][\/vc_column][vc_column width=&#8221;2\/3&#8243;][vc_column_text]<\/p>\n<h2 style=\"text-align: left;\"><strong><em>A Long-Thibaud Alap\u00edtv\u00e1ny Eln\u00f6k\u00e9nek \u00fczenete<\/em><\/strong><\/h2>\n<p>Kedves jelentkez\u0151k, kedves magyar zongoram\u0171v\u00e9sz Bar\u00e1taink!<br \/>\nP\u00e1rizs \u00e9s a Long-Thibaud Verseny \u00d6n\u00f6kre v\u00e1r id\u00e9n.<br \/>\nAmint tudj\u00e1k, a Long-Thibaud a vil\u00e1g egyik legnagyobb preszt\u00edzs\u0171 zenei versenye.<br \/>\nTudom, hogy a zene az \u00d6n\u00f6k sz\u00e1m\u00e1ra az \u00e9letet jelenti.<br \/>\n\u00d6r\u00f6mmel h\u00edvom \u00d6n\u00f6ket P\u00e1rizsba, hogy egy\u00fctt \u00e9lj\u00fck \u00e1t ezt a k\u00fcl\u00f6nleges zenei \u00e9lm\u00e9nyt.<br \/>\nA Long-Thibaud verseny nyolcvan \u00e9ves t\u00f6rt\u00e9nelme sor\u00e1n val\u00f3di zenei legend\u00e1k sz\u00fclettek.<br \/>\nTal\u00e1n \u00d6n lesz a verseny k\u00f6vetkez\u0151 legend\u00e1s felfedezettje.<br \/>\nA zs\u0171ri tagjai nem \u00edt\u00e9szk\u00e9nt, hanem bar\u00e1tk\u00e9nt seg\u00edtik majd a versenyz\u0151ket, hogy a legjobbat tudj\u00e1k kihozni magukb\u00f3l a verseny sor\u00e1n.<br \/>\nA t\u00f6k\u00e9letes technikai tud\u00e1sn\u00e1l m\u00e9g fontosabb, hogy sz\u00edvb\u0151l zen\u00e9ljenek: hogy megmutass\u00e1k tehets\u00e9g\u00fcket \u00e9s kifejezz\u00e9k zene ir\u00e1nti szeretet\u00fcket.<br \/>\nV\u00e1rjuk \u00d6n\u00f6ket P\u00e1rizsban, a k\u00f6zelg\u0151 Long Thibaud Versenyen![\/vc_column_text][\/vc_column][\/vc_row]<\/p>\n<\/div>","protected":false},"excerpt":{"rendered":"<p>[vc_row full_width=&#8221;stretch_row&#8221; content_placement=&#8221;middle&#8221; row_type=&#8221;row&#8221; use_row_as_full_screen_section=&#8221;no&#8221; type=&#8221;full_width&#8221; angled_section=&#8221;no&#8221; text_align=&#8221;left&#8221; background_image_as_pattern=&#8221;without_pattern&#8221; css=&#8221;.vc_custom_1648990130565{background-position: center !important;background-repeat: no-repeat !important;background-size: cover !important;}&#8221; el_class=&#8221;sous-menu-video&#8221;][vc_column][vc_wp_custommenu nav_menu=&#8221;22&#8243;][\/vc_column][\/vc_row][vc_row full_width=&#8221;stretch_row&#8221; content_placement=&#8221;middle&#8221; disable_element=&#8221;yes&#8221; row_type=&#8221;row&#8221; use_row_as_full_screen_section=&#8221;no&#8221; type=&#8221;full_width&#8221; angled_section=&#8221;no&#8221; text_align=&#8221;left&#8221; background_image_as_pattern=&#8221;without_pattern&#8221; css=&#8221;.vc_custom_1678807032128{margin-top: 50px !important;background-position: center !important;background-repeat: no-repeat !important;background-size: cover !important;}&#8221;][vc_column][vc_custom_heading text=&#8221;A Long-Thibaud Alap\u00edtv\u00e1ny Eln\u00f6k\u00e9nek \u00fczenete&#8221; font_container=&#8221;tag:h2|font_size:23px|text_align:center|color:%230a0a0a&#8221; google_fonts=&#8221;font_family:Lora%3Aregular%2Citalic%2C700%2C700italic|font_style:400%20regular%3A400%3Anormal&#8221;][\/vc_column][\/vc_row][vc_row gap=&#8221;35&#8243; disable_element=&#8221;yes&#8221; row_type=&#8221;row&#8221; use_row_as_full_screen_section=&#8221;no&#8221; type=&#8221;grid&#8221; angled_section=&#8221;no&#8221; text_align=&#8221;left&#8221; background_image_as_pattern=&#8221;without_pattern&#8221; z_index=&#8221;&#8221;][vc_column width=&#8221;1\/6&#8243;][\/vc_column][vc_column width=&#8221;2\/3&#8243;][\/vc_column][vc_column width=&#8221;1\/6&#8243;][\/vc_column][\/vc_row][vc_row [&hellip;]<\/p>\n","protected":false},"author":1,"featured_media":0,"parent":0,"menu_order":0,"comment_status":"closed","ping_status":"closed","template":"","meta":{"footnotes":""},"class_list":["post-1015","page","type-page","status-publish","hentry"],"yoast_head":"<!-- This site is optimized with the Yoast SEO plugin v26.8 - https:\/\/yoast.com\/product\/yoast-seo-wordpress\/ -->\n<title>Video hongrie - Fondation Long-Thibaud<\/title>\n<meta name=\"robots\" content=\"index, follow, max-snippet:-1, max-image-preview:large, max-video-preview:-1\" \/>\n<link rel=\"canonical\" href=\"https:\/\/www.long-thibaud.org\/en\/video-hongrie\/\" \/>\n<meta property=\"og:locale\" content=\"en_US\" \/>\n<meta property=\"og:type\" content=\"article\" \/>\n<meta property=\"og:title\" content=\"Video hongrie - Fondation Long-Thibaud\" \/>\n<meta property=\"og:description\" content=\"[vc_row full_width=&#8221;stretch_row&#8221; content_placement=&#8221;middle&#8221; row_type=&#8221;row&#8221; use_row_as_full_screen_section=&#8221;no&#8221; type=&#8221;full_width&#8221; angled_section=&#8221;no&#8221; text_align=&#8221;left&#8221; background_image_as_pattern=&#8221;without_pattern&#8221; css=&#8221;.vc_custom_1648990130565{background-position: center !important;background-repeat: no-repeat !important;background-size: cover !important;}&#8221; el_class=&#8221;sous-menu-video&#8221;][vc_column][vc_wp_custommenu nav_menu=&#8221;22&#8243;][\/vc_column][\/vc_row][vc_row full_width=&#8221;stretch_row&#8221; content_placement=&#8221;middle&#8221; disable_element=&#8221;yes&#8221; row_type=&#8221;row&#8221; use_row_as_full_screen_section=&#8221;no&#8221; type=&#8221;full_width&#8221; angled_section=&#8221;no&#8221; text_align=&#8221;left&#8221; background_image_as_pattern=&#8221;without_pattern&#8221; css=&#8221;.vc_custom_1678807032128{margin-top: 50px !important;background-position: center !important;background-repeat: no-repeat !important;background-size: cover !important;}&#8221;][vc_column][vc_custom_heading text=&#8221;A Long-Thibaud Alap\u00edtv\u00e1ny Eln\u00f6k\u00e9nek \u00fczenete&#8221; font_container=&#8221;tag:h2|font_size:23px|text_align:center|color:%230a0a0a&#8221; google_fonts=&#8221;font_family:Lora%3Aregular%2Citalic%2C700%2C700italic|font_style:400%20regular%3A400%3Anormal&#8221;][\/vc_column][\/vc_row][vc_row gap=&#8221;35&#8243; disable_element=&#8221;yes&#8221; row_type=&#8221;row&#8221; use_row_as_full_screen_section=&#8221;no&#8221; type=&#8221;grid&#8221; angled_section=&#8221;no&#8221; text_align=&#8221;left&#8221; background_image_as_pattern=&#8221;without_pattern&#8221; z_index=&#8221;&#8221;][vc_column width=&#8221;1\/6&#8243;][\/vc_column][vc_column width=&#8221;2\/3&#8243;][\/vc_column][vc_column width=&#8221;1\/6&#8243;][\/vc_column][\/vc_row][vc_row [&hellip;]\" \/>\n<meta property=\"og:url\" content=\"https:\/\/www.long-thibaud.org\/en\/video-hongrie\/\" \/>\n<meta property=\"og:site_name\" content=\"Fondation Long-Thibaud\" \/>\n<meta property=\"article:modified_time\" content=\"2023-03-14T15:25:05+00:00\" \/>\n<meta name=\"twitter:card\" content=\"summary_large_image\" \/>\n<meta name=\"twitter:label1\" content=\"Est. reading time\" \/>\n\t<meta name=\"twitter:data1\" content=\"2 minutes\" \/>\n<script type=\"application\/ld+json\" class=\"yoast-schema-graph\">{\"@context\":\"https:\/\/schema.org\",\"@graph\":[{\"@type\":\"WebPage\",\"@id\":\"https:\/\/www.long-thibaud.org\/en\/video-hongrie\/\",\"url\":\"https:\/\/www.long-thibaud.org\/en\/video-hongrie\/\",\"name\":\"Video hongrie - Fondation Long-Thibaud\",\"isPartOf\":{\"@id\":\"https:\/\/www.long-thibaud.org\/#website\"},\"datePublished\":\"2022-04-01T17:15:59+00:00\",\"dateModified\":\"2023-03-14T15:25:05+00:00\",\"breadcrumb\":{\"@id\":\"https:\/\/www.long-thibaud.org\/en\/video-hongrie\/#breadcrumb\"},\"inLanguage\":\"en-US\",\"potentialAction\":[{\"@type\":\"ReadAction\",\"target\":[\"https:\/\/www.long-thibaud.org\/en\/video-hongrie\/\"]}]},{\"@type\":\"BreadcrumbList\",\"@id\":\"https:\/\/www.long-thibaud.org\/en\/video-hongrie\/#breadcrumb\",\"itemListElement\":[{\"@type\":\"ListItem\",\"position\":1,\"name\":\"Accueil\",\"item\":\"https:\/\/www.long-thibaud.org\/en\/\"},{\"@type\":\"ListItem\",\"position\":2,\"name\":\"Video hongrie\"}]},{\"@type\":\"WebSite\",\"@id\":\"https:\/\/www.long-thibaud.org\/#website\",\"url\":\"https:\/\/www.long-thibaud.org\/\",\"name\":\"Fondation Long-Thibaud\",\"description\":\"\",\"potentialAction\":[{\"@type\":\"SearchAction\",\"target\":{\"@type\":\"EntryPoint\",\"urlTemplate\":\"https:\/\/www.long-thibaud.org\/?s={search_term_string}\"},\"query-input\":{\"@type\":\"PropertyValueSpecification\",\"valueRequired\":true,\"valueName\":\"search_term_string\"}}],\"inLanguage\":\"en-US\"}]}<\/script>\n<!-- \/ Yoast SEO plugin. -->","yoast_head_json":{"title":"Video hongrie - Fondation Long-Thibaud","robots":{"index":"index","follow":"follow","max-snippet":"max-snippet:-1","max-image-preview":"max-image-preview:large","max-video-preview":"max-video-preview:-1"},"canonical":"https:\/\/www.long-thibaud.org\/en\/video-hongrie\/","og_locale":"en_US","og_type":"article","og_title":"Video hongrie - Fondation Long-Thibaud","og_description":"[vc_row full_width=&#8221;stretch_row&#8221; content_placement=&#8221;middle&#8221; row_type=&#8221;row&#8221; use_row_as_full_screen_section=&#8221;no&#8221; type=&#8221;full_width&#8221; angled_section=&#8221;no&#8221; text_align=&#8221;left&#8221; background_image_as_pattern=&#8221;without_pattern&#8221; css=&#8221;.vc_custom_1648990130565{background-position: center !important;background-repeat: no-repeat !important;background-size: cover !important;}&#8221; el_class=&#8221;sous-menu-video&#8221;][vc_column][vc_wp_custommenu nav_menu=&#8221;22&#8243;][\/vc_column][\/vc_row][vc_row full_width=&#8221;stretch_row&#8221; content_placement=&#8221;middle&#8221; disable_element=&#8221;yes&#8221; row_type=&#8221;row&#8221; use_row_as_full_screen_section=&#8221;no&#8221; type=&#8221;full_width&#8221; angled_section=&#8221;no&#8221; text_align=&#8221;left&#8221; background_image_as_pattern=&#8221;without_pattern&#8221; css=&#8221;.vc_custom_1678807032128{margin-top: 50px !important;background-position: center !important;background-repeat: no-repeat !important;background-size: cover !important;}&#8221;][vc_column][vc_custom_heading text=&#8221;A Long-Thibaud Alap\u00edtv\u00e1ny Eln\u00f6k\u00e9nek \u00fczenete&#8221; font_container=&#8221;tag:h2|font_size:23px|text_align:center|color:%230a0a0a&#8221; google_fonts=&#8221;font_family:Lora%3Aregular%2Citalic%2C700%2C700italic|font_style:400%20regular%3A400%3Anormal&#8221;][\/vc_column][\/vc_row][vc_row gap=&#8221;35&#8243; disable_element=&#8221;yes&#8221; row_type=&#8221;row&#8221; use_row_as_full_screen_section=&#8221;no&#8221; type=&#8221;grid&#8221; angled_section=&#8221;no&#8221; text_align=&#8221;left&#8221; background_image_as_pattern=&#8221;without_pattern&#8221; z_index=&#8221;&#8221;][vc_column width=&#8221;1\/6&#8243;][\/vc_column][vc_column width=&#8221;2\/3&#8243;][\/vc_column][vc_column width=&#8221;1\/6&#8243;][\/vc_column][\/vc_row][vc_row [&hellip;]","og_url":"https:\/\/www.long-thibaud.org\/en\/video-hongrie\/","og_site_name":"Fondation Long-Thibaud","article_modified_time":"2023-03-14T15:25:05+00:00","twitter_card":"summary_large_image","twitter_misc":{"Est. reading time":"2 minutes"},"schema":{"@context":"https:\/\/schema.org","@graph":[{"@type":"WebPage","@id":"https:\/\/www.long-thibaud.org\/en\/video-hongrie\/","url":"https:\/\/www.long-thibaud.org\/en\/video-hongrie\/","name":"Video hongrie - Fondation Long-Thibaud","isPartOf":{"@id":"https:\/\/www.long-thibaud.org\/#website"},"datePublished":"2022-04-01T17:15:59+00:00","dateModified":"2023-03-14T15:25:05+00:00","breadcrumb":{"@id":"https:\/\/www.long-thibaud.org\/en\/video-hongrie\/#breadcrumb"},"inLanguage":"en-US","potentialAction":[{"@type":"ReadAction","target":["https:\/\/www.long-thibaud.org\/en\/video-hongrie\/"]}]},{"@type":"BreadcrumbList","@id":"https:\/\/www.long-thibaud.org\/en\/video-hongrie\/#breadcrumb","itemListElement":[{"@type":"ListItem","position":1,"name":"Accueil","item":"https:\/\/www.long-thibaud.org\/en\/"},{"@type":"ListItem","position":2,"name":"Video hongrie"}]},{"@type":"WebSite","@id":"https:\/\/www.long-thibaud.org\/#website","url":"https:\/\/www.long-thibaud.org\/","name":"Fondation Long-Thibaud","description":"","potentialAction":[{"@type":"SearchAction","target":{"@type":"EntryPoint","urlTemplate":"https:\/\/www.long-thibaud.org\/?s={search_term_string}"},"query-input":{"@type":"PropertyValueSpecification","valueRequired":true,"valueName":"search_term_string"}}],"inLanguage":"en-US"}]}},"_links":{"self":[{"href":"https:\/\/www.long-thibaud.org\/en\/wp-json\/wp\/v2\/pages\/1015","targetHints":{"allow":["GET"]}}],"collection":[{"href":"https:\/\/www.long-thibaud.org\/en\/wp-json\/wp\/v2\/pages"}],"about":[{"href":"https:\/\/www.long-thibaud.org\/en\/wp-json\/wp\/v2\/types\/page"}],"author":[{"embeddable":true,"href":"https:\/\/www.long-thibaud.org\/en\/wp-json\/wp\/v2\/users\/1"}],"replies":[{"embeddable":true,"href":"https:\/\/www.long-thibaud.org\/en\/wp-json\/wp\/v2\/comments?post=1015"}],"version-history":[{"count":1,"href":"https:\/\/www.long-thibaud.org\/en\/wp-json\/wp\/v2\/pages\/1015\/revisions"}],"predecessor-version":[{"id":2039,"href":"https:\/\/www.long-thibaud.org\/en\/wp-json\/wp\/v2\/pages\/1015\/revisions\/2039"}],"wp:attachment":[{"href":"https:\/\/www.long-thibaud.org\/en\/wp-json\/wp\/v2\/media?parent=1015"}],"curies":[{"name":"wp","href":"https:\/\/api.w.org\/{rel}","templated":true}]}}